{"id":406,"date":"2023-04-05T17:34:18","date_gmt":"2023-04-05T15:34:18","guid":{"rendered":"http:\/\/lessouffleursdhistoires.fr\/?page_id=406"},"modified":"2023-06-02T17:13:39","modified_gmt":"2023-06-02T15:13:39","slug":"contact","status":"publish","type":"page","link":"https:\/\/lessouffleursdhistoires.fr\/?page_id=406","title":{"rendered":"Contact"},"content":{"rendered":"\n<div class=\"wp-block-group has-background is-layout-constrained\" style=\"background-color:#373737\"><div class=\"wp-block-group__inner-container\">\n<div class=\"wp-block-columns has-background has-medium-font-size is-layout-flex wp-container-3\" style=\"background-color:#373737\">\n<div class=\"wp-block-column is-layout-flow\">\n<h2 class=\"wp-block-heading has-white-color has-text-color\">Contact<\/h2>\n\n\n\n<p class=\"has-white-color has-text-color\">Les Souffleurs d&rsquo;Histoires<\/p>\n\n\n\n<figure class=\"wp-block-image\"><img decoding=\"async\" loading=\"lazy\" width=\"300\" height=\"300\" src=\"http:\/\/lessouffleursdhistoires.fr\/wp-content\/uploads\/2020\/03\/Les-souffleurs-dhistoires-3-300x300.png\" alt=\"\" class=\"wp-image-244\" srcset=\"https:\/\/lessouffleursdhistoires.fr\/wp-content\/uploads\/2020\/03\/Les-souffleurs-dhistoires-3-300x300.png 300w, https:\/\/lessouffleursdhistoires.fr\/wp-content\/uploads\/2020\/03\/Les-souffleurs-dhistoires-3-150x150.png 150w, https:\/\/lessouffleursdhistoires.fr\/wp-content\/uploads\/2020\/03\/Les-souffleurs-dhistoires-3.png 500w\" sizes=\"(max-width: 300px) 100vw, 300px\" \/><\/figure>\n\n\n\n<p class=\"has-white-color has-text-color\">2 place de l&rsquo;H\u00f4tel de Ville &#8211; 77400 LAGNY-SUR-MARNE<\/p>\n\n\n\n<p class=\"has-white-color has-text-color\"><a href=\"mailto:contact@lessouffleursdhistoires.fr\">contact@lessouffleursdhistoires.fr<\/a> 07 67 63 35 32<\/p>\n\n\n\n<p class=\"has-white-color has-text-color\">Nous suivre : <br><a rel=\"noreferrer noopener\" href=\"https:\/\/www.facebook.com\/lessouffleursdhistoires\/\" target=\"_blank\">https:\/\/www.facebook.com\/lessouffleursdhistoires\/<\/a><\/p>\n<\/div>\n\n\n\n<div class=\"wp-block-column is-layout-flow\">\n<h2 class=\"wp-block-heading has-white-color has-text-color\">Faire un don aux Souffleurs d&rsquo;Histoires<\/h2>\n\n\n\n<a href=\"https:\/\/www.donnerenligne.fr\/les-souffleurs-d-histoires\/faire-un-don\" target=\"_blank\" rel=\"noopener\">Faire un don \u00e0 la compagnie<\/a>\n<iframe id=\"haWidget\" style=\"width: 100%; height: 70px; border: none;\" src=\"https:\/\/www.helloasso.com\/associations\/les-souffleurs-d-histoires\/formulaires\/1\/widget-bouton\" target=\"_blank\"><\/iframe>\n\n\n\nPropuls\u00e9 par <a href=\"https:\/\/www.helloasso.com\" rel=\"nofollow\">HelloAsso<\/a>\n\n\n\n<p><a href=\"http:\/\/lessouffleursdhistoires.fr\/?page_id=167\">Mentions l\u00e9gales<\/a><\/p>\n<\/div>\n<\/div>\n\n\n\n<div class=\"wp-block-columns are-vertically-aligned-top has-background is-layout-flex wp-container-5\" style=\"background-color:#373737\">\n<div class=\"wp-block-column is-vertically-aligned-top is-layout-flow\">\n<h2 class=\"wp-block-heading has-white-color has-text-color\">Nous contacter<\/h2>\n\n\n\n<p class=\"has-white-color has-text-color\"><div role=\"form\" class=\"wpcf7\" id=\"wpcf7-f139-o1\" lang=\"fr-FR\" dir=\"ltr\">\n<div class=\"screen-reader-response\"><\/div>\n<form action=\"\/index.php?rest_route=%2Fwp%2Fv2%2Fpages%2F406#wpcf7-f139-o1\" method=\"post\" class=\"wpcf7-form\" novalidate=\"novalidate\">\n<div style=\"display: none;\">\n<input type=\"hidden\" name=\"_wpcf7\" value=\"139\" \/>\n<input type=\"hidden\" name=\"_wpcf7_version\" value=\"5.1.7\" \/>\n<input type=\"hidden\" name=\"_wpcf7_locale\" value=\"fr_FR\" \/>\n<input type=\"hidden\" name=\"_wpcf7_unit_tag\" value=\"wpcf7-f139-o1\" \/>\n<input type=\"hidden\" name=\"_wpcf7_container_post\" value=\"0\" \/>\n<input type=\"hidden\" name=\"g-recaptcha-response\" value=\"\" \/>\n<\/div>\n<p><label style=\"color:#FFFFFF\";> Votre nom (obligatoire)<br \/>\n    <span class=\"wpcf7-form-control-wrap your-name\"><input type=\"text\" name=\"your-name\" value=\"\" size=\"40\" class=\"wpcf7-form-control wpcf7-text wpcf7-validates-as-required\" aria-required=\"true\" aria-invalid=\"false\" \/><\/span> <\/label><\/p>\n<p><label style=\"color:#FFFFFF\";test-align:left> Votre adresse de messagerie (obligatoire)<br \/>\n    <span class=\"wpcf7-form-control-wrap your-email\"><input type=\"email\" name=\"your-email\" value=\"\" size=\"40\" class=\"wpcf7-form-control wpcf7-text wpcf7-email wpcf7-validates-as-required wpcf7-validates-as-email\" aria-required=\"true\" aria-invalid=\"false\" \/><\/span> <\/label><\/p>\n<p><label style=\"color:#FFFFFF\";> Objet<br \/>\n    <span class=\"wpcf7-form-control-wrap your-subject\"><input type=\"text\" name=\"your-subject\" value=\"\" size=\"40\" class=\"wpcf7-form-control wpcf7-text\" aria-invalid=\"false\" \/><\/span> <\/label><\/p>\n<p><label style=\"color:#FFFFFF\";> Votre message<br \/>\n    <span class=\"wpcf7-form-control-wrap your-message\"><textarea name=\"your-message\" cols=\"40\" rows=\"10\" class=\"wpcf7-form-control wpcf7-textarea\" aria-invalid=\"false\"><\/textarea><\/span> <\/label><\/p>\n<p><input type=\"submit\" value=\"Envoyer\" class=\"wpcf7-form-control wpcf7-submit\" \/><\/p>\n<div class=\"wpcf7-response-output wpcf7-display-none\"><\/div><\/form><\/div><\/p>\n<\/div>\n<\/div>\n<\/div><\/div>\n","protected":false},"excerpt":{"rendered":"<p>Contact Les Souffleurs d&rsquo;Histoires 2 place de l&rsquo;H\u00f4tel de Ville &#8211; 77400 LAGNY-SUR-MARNE contact@lessouffleursdhistoires.fr 07 67 63 35 32 Nous suivre : https:\/\/www.facebook.com\/lessouffleursdhistoires\/ Faire un don aux Souffleurs d&rsquo;Histoires Faire un don \u00e0 la compagnie Propuls\u00e9 par HelloAsso Mentions l\u00e9gales Nous contacter<\/p>\n","protected":false},"author":2,"featured_media":0,"parent":0,"menu_order":0,"comment_status":"closed","ping_status":"closed","template":"","meta":[],"_links":{"self":[{"href":"https:\/\/lessouffleursdhistoires.fr\/index.php?rest_route=\/wp\/v2\/pages\/406"}],"collection":[{"href":"https:\/\/lessouffleursdhistoires.fr\/index.php?rest_route=\/wp\/v2\/pages"}],"about":[{"href":"https:\/\/lessouffleursdhistoires.fr\/index.php?rest_route=\/wp\/v2\/types\/page"}],"author":[{"embeddable":true,"href":"https:\/\/lessouffleursdhistoires.fr\/index.php?rest_route=\/wp\/v2\/users\/2"}],"replies":[{"embeddable":true,"href":"https:\/\/lessouffleursdhistoires.fr\/index.php?rest_route=%2Fwp%2Fv2%2Fcomments&post=406"}],"version-history":[{"count":32,"href":"https:\/\/lessouffleursdhistoires.fr\/index.php?rest_route=\/wp\/v2\/pages\/406\/revisions"}],"predecessor-version":[{"id":723,"href":"https:\/\/lessouffleursdhistoires.fr\/index.php?rest_route=\/wp\/v2\/pages\/406\/revisions\/723"}],"wp:attachment":[{"href":"https:\/\/lessouffleursdhistoires.fr\/index.php?rest_route=%2Fwp%2Fv2%2Fmedia&parent=406"}],"curies":[{"name":"wp","href":"https:\/\/api.w.org\/{rel}","templated":true}]}}